{"id":18,"date":"2006-08-20T16:01:45","date_gmt":"2006-08-20T14:01:45","guid":{"rendered":"http:\/\/www.martinamario.de\/?page_id=18"},"modified":"2006-09-02T14:35:30","modified_gmt":"2006-09-02T12:35:30","slug":"impressum","status":"publish","type":"page","link":"http:\/\/www.martinamario.de\/?page_id=18","title":{"rendered":"Impressum"},"content":{"rendered":"<p class=\"Content\"><font size=\"-3\" face=\"Verdana, Arial, Helvetica, sans-serif\"><strong>Haftungsausschluss<\/strong><\/font><\/p>\n<p class=\"Content\"><font size=\"-3\" face=\"Verdana, Arial, Helvetica, sans-serif\">Diese  Website wurde mit gr\u00f6\u00dftm\u00f6glicher Sorgfalt zusammengestellt. Trotzdem kann martinamario.de  f\u00fcr die Fehlerfreiheit und Genauigkeit der enthaltenen Informationen nicht garantieren. martinamario.de schlie\u00dft jegliche Haftung f\u00fcr Sch\u00e4den, die direkt oder indirekt aus  der Benutzung dieser Website entstehen aus, soweit diese nicht auf Vorsatz oder  grober Fahrl\u00e4ssigkeit von martinamario.de beruhen. Alle Beitr\u00e4ge auch anderer user sind nicht  haftbar.<br \/>\n<\/font><\/p>\n<hr \/>\n<p class=\"Content\"><font size=\"-3\" face=\"Verdana, Arial, Helvetica, sans-serif\"><strong>Externe  Verweise und Links<\/strong><\/font><\/p>\n<p class=\"Content\"><font size=\"-3\" face=\"Verdana, Arial, Helvetica, sans-serif\">Trotz  sorgf\u00e4ltiger inhaltlicher Kontrolle \u00fcbernehmen wir keine Haftung f\u00fcr die Inhalte  externer Links. F\u00fcr den Inhalt der verlinkten Seiten sind ausschlie\u00dflich deren  Betreiber verantwortlich.<br \/>\n<\/font><\/p>\n<hr \/>\n<p class=\"Content\"><font size=\"-3\" face=\"Verdana, Arial, Helvetica, sans-serif\"><strong>Inhaltlich  Verantwortlicher gem\u00e4\u00df \u00a7 6 MDStV<\/strong><\/font><\/p>\n<p class=\"Content\"><font size=\"-3\" face=\"Verdana, Arial, Helvetica, sans-serif\">Mario Jacob<br \/>\neMail: <a href=\"mailto:martinamario@web.de\"><font color=\"#000099\">martinamario@web.de<\/font><\/a><\/font><\/p>\n<p><font size=\"-3\" face=\"Verdana, Arial, Helvetica, sans-serif\"> <\/font><\/p>\n","protected":false},"excerpt":{"rendered":"<p>Haftungsausschluss Diese Website wurde mit gr\u00f6\u00dftm\u00f6glicher Sorgfalt zusammengestellt. Trotzdem kann martinamario.de f\u00fcr die Fehlerfreiheit und Genauigkeit der enthaltenen Informationen nicht garantieren. martinamario.de schlie\u00dft jegliche Haftung f\u00fcr Sch\u00e4den, die direkt oder indirekt aus der Benutzung dieser Website entstehen aus, soweit diese nicht auf Vorsatz oder grober Fahrl\u00e4ssigkeit von martinamario.de beruhen. Alle Beitr\u00e4ge auch anderer user sind [&hellip;]<\/p>\n","protected":false},"author":1,"featured_media":0,"parent":0,"menu_order":90,"comment_status":"open","ping_status":"open","template":"","meta":{"ngg_post_thumbnail":0,"two_page_speed":[]},"_links":{"self":[{"href":"http:\/\/www.martinamario.de\/index.php?rest_route=\/wp\/v2\/pages\/18"}],"collection":[{"href":"http:\/\/www.martinamario.de\/index.php?rest_route=\/wp\/v2\/pages"}],"about":[{"href":"http:\/\/www.martinamario.de\/index.php?rest_route=\/wp\/v2\/types\/page"}],"author":[{"embeddable":true,"href":"http:\/\/www.martinamario.de\/index.php?rest_route=\/wp\/v2\/users\/1"}],"replies":[{"embeddable":true,"href":"http:\/\/www.martinamario.de\/index.php?rest_route=%2Fwp%2Fv2%2Fcomments&post=18"}],"version-history":[{"count":0,"href":"http:\/\/www.martinamario.de\/index.php?rest_route=\/wp\/v2\/pages\/18\/revisions"}],"wp:attachment":[{"href":"http:\/\/www.martinamario.de\/index.php?rest_route=%2Fwp%2Fv2%2Fmedia&parent=18"}],"curies":[{"name":"wp","href":"https:\/\/api.w.org\/{rel}","templated":true}]}}