{"id":41,"date":"2006-09-06T22:32:26","date_gmt":"2006-09-06T20:32:26","guid":{"rendered":"http:\/\/www.martinamario.de\/?page_id=41"},"modified":"2016-08-12T07:24:32","modified_gmt":"2016-08-12T05:24:32","slug":"uber-uns","status":"publish","type":"page","link":"http:\/\/www.martinamario.de\/?page_id=41","title":{"rendered":"\u00dcber uns \/ About us"},"content":{"rendered":"<p>Hallo,<br \/>\nauf die Frage von Freunden und Bekannten, wie wir denn auf die Idee dieser Reise gekommen sind, antworten wir gerne damit, dass wir uns einen Traum erf\u00fcllen m\u00f6chten!<\/p>\n<p>Wir, das sind Martina und Mario und unser Traum ist es, f\u00fcr ein Jahr eine \u201eAuszeit\u201c zu nehmen und in dieser Zeit S\u00fcd- und Nordamerika zu bereisen.<\/p>\n<p>Diejenigen, die uns gut kennen, haben gar nicht lange nach dem \u201eWarum\u201c gefragt und sogleich ein \u201ena, das war ja klar\u201c geantwortet. Irgendwie stimmt das auch, denn reiselustig sind wir beide von jeher: ob zu Fu\u00df, mit dem Fahrrad, Auto, Motorrad, Bus oder Bahn- wir sind gerne unterwegs und neugierig darauf, fremde Gebiete und Kulturen zu entdecken.<\/p>\n<p>Wir m\u00f6chten einmal aus dem Alltag herausbrechen, vielleicht auch, weil Gewohnheiten irgendwie \u201eblind\u201c machen. Gerade durch die Begegnung mit anderen Kulturen, Menschen und der Natur gewinnt man wertvolle Inspirationen und kann das Reisen auch als \u201eSchule f\u00fcr das Leben\u201c sehen.<\/p>\n<p>Der Kauf des Autos, dem Mercedes G, kam dann dazu und die ganz schlauen Freunde haben sich sicherlich gedacht, dass wir uns diesen nicht nur f\u00fcr ein verl\u00e4ngertes Wochenende nach Cuxhaven umbauen wollten. (Doch nichts gegen Cuxhaven, wo wir auch immer gerne wieder hinfahren!)<\/p>\n<p>Somit nahm der Traum nach und nach Formen an und nun sind es nur noch ein paar Tage, bis wir in Hamburg auf einem Frachter der Grimaldi-Line einchecken werden und vier Wochen sp\u00e4ter in Buenos Aires von Bord gehen!<\/p>\n<p>[mygal=wir-beide-2]<\/p>\n<p>Diese Homepage gestalten wir f\u00fcr alle Interessierten, die uns per Internet verfolgen m\u00f6chten und nat\u00fcrlich freuen wir uns auch riesig \u00fcber Nachrichten aus der Heimat- ob im G\u00e4stebuch oder per Email\u2026!<br \/>\nAlso dann, einen lieben Gru\u00df an alle,<br \/>\nMartina und Mario<\/p>\n<p>Hallo!<\/p>\n<p>Das Fernweh hat uns wieder gepackt und auf dieser Reise sind wir nun zu viert unterwegs. Die Familie ist gewachsen und mit Henning und Carla werden wir den Westen der USA f\u00fcr 3 1\/2 Monate bereisen.<br \/>\nWir werden wieder Berichte und Bilder auf der Website zeigen, bzw. schreiben und wer m\u00f6chte, kann uns &#8220;verfolgen&#8221;.<\/p>\n<p>Ganz viele liebe Gr\u00fc\u00dfe,<br \/>\nHenning, Carla, Martina und Mario<\/p>\n<p>&nbsp;<\/p>\n<p>Hello from Martina and Mario.<\/p>\n<p>We are taking a year out to make a dream become reality by travelling from South to North America in our Mercedes G-Wagen.<br \/>\nWe have created this website for those who would like to share our journey. We would love to hear from you and would welcome your messages and comments in the guest book, whilst we are on the road.<br \/>\nMartina and Mario<\/p>\n","protected":false},"excerpt":{"rendered":"<p>Hallo, auf die Frage von Freunden und Bekannten, wie wir denn auf die Idee dieser Reise gekommen sind, antworten wir gerne damit, dass wir uns einen Traum erf\u00fcllen m\u00f6chten! Wir, das sind Martina und Mario und unser Traum ist es, f\u00fcr ein Jahr eine \u201eAuszeit\u201c zu nehmen und in dieser Zeit S\u00fcd- und Nordamerika zu [&hellip;]<\/p>\n","protected":false},"author":1,"featured_media":0,"parent":0,"menu_order":0,"comment_status":"open","ping_status":"open","template":"","meta":{"ngg_post_thumbnail":0,"two_page_speed":[]},"_links":{"self":[{"href":"http:\/\/www.martinamario.de\/index.php?rest_route=\/wp\/v2\/pages\/41"}],"collection":[{"href":"http:\/\/www.martinamario.de\/index.php?rest_route=\/wp\/v2\/pages"}],"about":[{"href":"http:\/\/www.martinamario.de\/index.php?rest_route=\/wp\/v2\/types\/page"}],"author":[{"embeddable":true,"href":"http:\/\/www.martinamario.de\/index.php?rest_route=\/wp\/v2\/users\/1"}],"replies":[{"embeddable":true,"href":"http:\/\/www.martinamario.de\/index.php?rest_route=%2Fwp%2Fv2%2Fcomments&post=41"}],"version-history":[{"count":2,"href":"http:\/\/www.martinamario.de\/index.php?rest_route=\/wp\/v2\/pages\/41\/revisions"}],"predecessor-version":[{"id":428,"href":"http:\/\/www.martinamario.de\/index.php?rest_route=\/wp\/v2\/pages\/41\/revisions\/428"}],"wp:attachment":[{"href":"http:\/\/www.martinamario.de\/index.php?rest_route=%2Fwp%2Fv2%2Fmedia&parent=41"}],"curies":[{"name":"wp","href":"https:\/\/api.w.org\/{rel}","templated":true}]}}